{"id":1265,"date":"2021-07-26T19:46:38","date_gmt":"2021-07-26T19:46:38","guid":{"rendered":"http:\/\/216.119.126.46\/wp\/?page_id=1265"},"modified":"2021-07-26T19:51:58","modified_gmt":"2021-07-26T19:51:58","slug":"mexico","status":"publish","type":"page","link":"https:\/\/www.morrisontexmach.com\/?page_id=1265","title":{"rendered":"MEXICO"},"content":{"rendered":"\t\t<div data-elementor-type=\"wp-page\" data-elementor-id=\"1265\" class=\"elementor elementor-1265\" data-elementor-post-type=\"page\">\n\t\t\t\t\t\t<section class=\"elementor-section elementor-top-section elementor-element elementor-element-b14fd03 elementor-section-boxed elementor-section-height-default elementor-section-height-default\" data-id=\"b14fd03\" data-element_type=\"section\" data-e-type=\"section\">\n\t\t\t\t\t\t<div class=\"elementor-container elementor-column-gap-default\">\n\t\t\t\t\t<div class=\"elementor-column elementor-col-100 elementor-top-column elementor-element elementor-element-c2836ed\" data-id=\"c2836ed\" data-element_type=\"column\" data-e-type=\"column\">\n\t\t\t<div class=\"elementor-widget-wrap elementor-element-populated\">\n\t\t\t\t\t\t<div class=\"elementor-element elementor-element-b4a7a18 elementor-widget elementor-widget-text-editor\" data-id=\"b4a7a18\" data-element_type=\"widget\" data-e-type=\"widget\" data-widget_type=\"text-editor.default\">\n\t\t\t\t<div class=\"elementor-widget-container\">\n\t\t\t\t\t\t\t\t\t<h2><span style=\"text-decoration: underline;\">MEXICO<\/span><\/h2><p>\u00a0<\/p><p><strong>GRUPO DYETEX<\/strong><\/p><p><strong>(Alfredo R\u00edos Madrid, Alfredo R\u00edos Castilla &amp; Alberto Ortega)<\/strong><\/p><p><strong>Cincinnati 40-205<\/strong><\/p><p><strong>Col. Nochebuena<\/strong><\/p><p><strong>03720 Ciudad de M\u00e9xico<\/strong><\/p><p><strong>Alcald\u00eda Benito Ju\u00e1rez<\/strong><\/p><p><strong>M\u00e9xico<\/strong><\/p><p><strong>Tel:\u00a0 (52) 55 5611 3025, 5563 6489, 5455, 9201, 9187<\/strong><\/p><p><strong>Alfredo R\u00edos Madrid Mobile:\u00a0 (52) 55 5409 4687<\/strong><\/p><p><strong>Alfredo R\u00edos Madrid Email:\u00a0 <\/strong><strong><a href=\"mailto:alfredo@tecnitex.com\">alfredo@tecnitex.com<\/a><\/strong><\/p><p><strong>Alfredo R\u00edos Castilla Email: <a href=\"mailto:ariosc@tecnitex.com\">ariosc@tecnitex.com<\/a><\/strong><\/p><p><strong>Alberto Ortega Email:\u00a0<a href=\"mailto:albertoo@tecnitex.com\">albertoo@tecnitex.com<\/a><\/strong><\/p><p><strong>Web Page:\u00a0 <a href=\"https:\/\/urldefense.proofpoint.com\/v2\/url?u=http-3A__www.tecnitex.com&amp;d=DwMFAw&amp;c=euGZstcaTDllvimEN8b7jXrwqOf-v5A_CdpgnVfiiMM&amp;r=W5_mKwPhlJRdWpMA65e1K74PkTtAWwMnVVqKPHWiNmo&amp;m=h4e01iaqKk8-17ZDtDQIji-xyV57knOBcjUlyfUDvpM&amp;s=MIprwvVQ5b3wK6SXaYHYziuDiAx6mPD_ShMJHyCo1sI&amp;e=\" target=\"_blank\" rel=\"noopener\">www.tecnitex.com<\/a><\/strong><\/p>\t\t\t\t\t\t\t\t<\/div>\n\t\t\t\t<\/div>\n\t\t\t\t\t<\/div>\n\t\t<\/div>\n\t\t\t\t\t<\/div>\n\t\t<\/section>\n\t\t\t\t<\/div>\n\t\t","protected":false},"excerpt":{"rendered":"<p>MEXICO \u00a0 GRUPO DYETEX (Alfredo R\u00edos Madrid, Alfredo R\u00edos Castilla &amp; Alberto Ortega) Cincinnati 40-205 Col. Nochebuena 03720 Ciudad de M\u00e9xico Alcald\u00eda Benito Ju\u00e1rez M\u00e9xico Tel:\u00a0 (52) 55 5611 3025, 5563 6489, 5455, 9201, 9187 Alfredo R\u00edos Madrid Mobile:\u00a0 (52) 55 5409 4687 Alfredo R\u00edos Madrid Email:\u00a0 alfredo@tecnitex.com Alfredo R\u00edos Castilla Email: ariosc@tecnitex.com Alberto Ortega [&hellip;]<\/p>\n","protected":false},"author":3,"featured_media":0,"parent":0,"menu_order":0,"comment_status":"closed","ping_status":"closed","template":"elementor_canvas","meta":{"site-sidebar-layout":"no-sidebar","site-content-layout":"plain-container","ast-site-content-layout":"","site-content-style":"default","site-sidebar-style":"default","ast-global-header-display":"","ast-banner-title-visibility":"","ast-main-header-display":"","ast-hfb-above-header-display":"","ast-hfb-below-header-display":"","ast-hfb-mobile-header-display":"","site-post-title":"disabled","ast-breadcrumbs-content":"","ast-featured-img":"disabled","footer-sml-layout":"","theme-transparent-header-meta":"default","adv-header-id-meta":"","stick-header-meta":"","header-above-stick-meta":"","header-main-stick-meta":"","header-below-stick-meta":"","astra-migrate-meta-layouts":"default","ast-page-background-enabled":"default","ast-page-background-meta":{"desktop":{"background-color":"","background-image":"","background-repeat":"repeat","background-position":"center center","background-size":"auto","background-attachment":"scroll","background-type":"","background-media":"","overlay-type":"","overlay-color":"","overlay-gradient":""},"tablet":{"background-color":"","background-image":"","background-repeat":"repeat","background-position":"center center","background-size":"auto","background-attachment":"scroll","background-type":"","background-media":"","overlay-type":"","overlay-color":"","overlay-gradient":""},"mobile":{"background-color":"","background-image":"","background-repeat":"repeat","background-position":"center center","background-size":"auto","background-attachment":"scroll","background-type":"","background-media":"","overlay-type":"","overlay-color":"","overlay-gradient":""}},"ast-content-background-meta":{"desktop":{"background-color":"var(--ast-global-color-5)","background-image":"","background-repeat":"repeat","background-position":"center center","background-size":"auto","background-attachment":"scroll","background-type":"","background-media":"","overlay-type":"","overlay-color":"","overlay-gradient":""},"tablet":{"background-color":"var(--ast-global-color-5)","background-image":"","background-repeat":"repeat","background-position":"center center","background-size":"auto","background-attachment":"scroll","background-type":"","background-media":"","overlay-type":"","overlay-color":"","overlay-gradient":""},"mobile":{"background-color":"var(--ast-global-color-5)","background-image":"","background-repeat":"repeat","background-position":"center center","background-size":"auto","background-attachment":"scroll","background-type":"","background-media":"","overlay-type":"","overlay-color":"","overlay-gradient":""}},"footnotes":""},"class_list":["post-1265","page","type-page","status-publish","hentry"],"_links":{"self":[{"href":"https:\/\/www.morrisontexmach.com\/index.php?rest_route=\/wp\/v2\/pages\/1265","targetHints":{"allow":["GET"]}}],"collection":[{"href":"https:\/\/www.morrisontexmach.com\/index.php?rest_route=\/wp\/v2\/pages"}],"about":[{"href":"https:\/\/www.morrisontexmach.com\/index.php?rest_route=\/wp\/v2\/types\/page"}],"author":[{"embeddable":true,"href":"https:\/\/www.morrisontexmach.com\/index.php?rest_route=\/wp\/v2\/users\/3"}],"replies":[{"embeddable":true,"href":"https:\/\/www.morrisontexmach.com\/index.php?rest_route=%2Fwp%2Fv2%2Fcomments&post=1265"}],"version-history":[{"count":7,"href":"https:\/\/www.morrisontexmach.com\/index.php?rest_route=\/wp\/v2\/pages\/1265\/revisions"}],"predecessor-version":[{"id":1288,"href":"https:\/\/www.morrisontexmach.com\/index.php?rest_route=\/wp\/v2\/pages\/1265\/revisions\/1288"}],"wp:attachment":[{"href":"https:\/\/www.morrisontexmach.com\/index.php?rest_route=%2Fwp%2Fv2%2Fmedia&parent=1265"}],"curies":[{"name":"wp","href":"https:\/\/api.w.org\/{rel}","templated":true}]}}